{"id":141,"date":"2020-05-08T15:11:20","date_gmt":"2020-05-08T15:11:20","guid":{"rendered":"http:\/\/sonnenberg-travel.de\/?page_id=141"},"modified":"2024-01-14T20:57:42","modified_gmt":"2024-01-14T20:57:42","slug":"faq","status":"publish","type":"page","link":"https:\/\/sonnenberg-travel.de\/?page_id=141","title":{"rendered":"FAQ"},"content":{"rendered":"\n<ul><li><strong>Wie bist du zu erreichen?<\/strong> per Mail info@sonnenbergtravel.de telefonisch und per <a href=\"https:\/\/wa.me\/+491742927222\">whatsapp <\/a>Ich verabrede mich gerne mit dir und wir nehmen uns Zeit f\u00fcr ein Telefonat<\/li><\/ul>\n\n\n\n<ul><li><strong>Was f\u00fcr Reisen kann ich bei dir buchen? <\/strong><br>Hotel, Pauschalreisen, Kreuzfahrten<br><\/li><li><strong>Wie erfolgt die Angebotserstellung?<\/strong><br>derzeit telefonisch und per Mail<br><\/li><li><strong>Tipps?<\/strong><br>Ich war schon an zahlreichen Orten und in vielen L\u00e4ndern. Ich reise regelm\u00e4\u00dfig, um neue Highlights zu entdecken. <br>Ich bilde mich weiter, besuche Workshops, besichtige Hotels und Locations<br><\/li><\/ul>\n\n\n\n<div class=\"wp-container-1 wp-block-buttons\"><\/div>\n","protected":false},"excerpt":{"rendered":"<p>Wie bist du zu erreichen? per Mail info@sonnenbergtravel.de telefonisch und per whatsapp Ich verabrede mich gerne mit dir und wir nehmen uns Zeit f\u00fcr ein Telefonat Was f\u00fcr Reisen kann ich bei dir buchen? Hotel, Pauschalreisen, Kreuzfahrten Wie erfolgt die Angebotserstellung?derzeit telefonisch und per Mail Tipps?Ich war schon an zahlreichen Orten und in vielen L\u00e4ndern. &hellip; <\/p>\n","protected":false},"author":1,"featured_media":0,"parent":0,"menu_order":0,"comment_status":"closed","ping_status":"closed","template":"","meta":[],"_links":{"self":[{"href":"https:\/\/sonnenberg-travel.de\/index.php?rest_route=\/wp\/v2\/pages\/141"}],"collection":[{"href":"https:\/\/sonnenberg-travel.de\/index.php?rest_route=\/wp\/v2\/pages"}],"about":[{"href":"https:\/\/sonnenberg-travel.de\/index.php?rest_route=\/wp\/v2\/types\/page"}],"author":[{"embeddable":true,"href":"https:\/\/sonnenberg-travel.de\/index.php?rest_route=\/wp\/v2\/users\/1"}],"replies":[{"embeddable":true,"href":"https:\/\/sonnenberg-travel.de\/index.php?rest_route=%2Fwp%2Fv2%2Fcomments&post=141"}],"version-history":[{"count":6,"href":"https:\/\/sonnenberg-travel.de\/index.php?rest_route=\/wp\/v2\/pages\/141\/revisions"}],"predecessor-version":[{"id":295,"href":"https:\/\/sonnenberg-travel.de\/index.php?rest_route=\/wp\/v2\/pages\/141\/revisions\/295"}],"wp:attachment":[{"href":"https:\/\/sonnenberg-travel.de\/index.php?rest_route=%2Fwp%2Fv2%2Fmedia&parent=141"}],"curies":[{"name":"wp","href":"https:\/\/api.w.org\/{rel}","templated":true}]}}